{"id":2488,"date":"2025-02-03T19:49:57","date_gmt":"2025-02-03T19:49:57","guid":{"rendered":"https:\/\/bmoplastik.com\/?post_type=product&#038;p=2488"},"modified":"2025-02-03T19:57:18","modified_gmt":"2025-02-03T19:57:18","slug":"man-silecek-kapagi","status":"publish","type":"product","link":"https:\/\/bmoplastik.com\/index.php\/product\/man-silecek-kapagi\/","title":{"rendered":"MAN Silecek Kapa\u011f\u0131"},"content":{"rendered":"<p>MAN S\u0130LECEK KAPA\u011eI<\/p>\n<p>PAR\u00c7A NUMARASI (OEM): 189.826<\/p>\n<p>MODEL: MAN<\/p>\n<p>SKU: BM0012<\/p>\n","protected":false},"excerpt":{"rendered":"<p>BMO Otomotiv<\/p>\n","protected":false},"featured_media":2489,"comment_status":"open","ping_status":"closed","template":"","meta":[],"product_cat":[60],"product_tag":[],"class_list":["post-2488","product","type-product","status-publish","has-post-thumbnail","hentry","product_cat-man-grubu-yedek-parca"],"acf":[],"aioseo_notices":[],"_links":{"self":[{"href":"https:\/\/bmoplastik.com\/index.php\/wp-json\/wp\/v2\/product\/2488","targetHints":{"allow":["GET"]}}],"collection":[{"href":"https:\/\/bmoplastik.com\/index.php\/wp-json\/wp\/v2\/product"}],"about":[{"href":"https:\/\/bmoplastik.com\/index.php\/wp-json\/wp\/v2\/types\/product"}],"replies":[{"embeddable":true,"href":"https:\/\/bmoplastik.com\/index.php\/wp-json\/wp\/v2\/comments?post=2488"}],"wp:featuredmedia":[{"embeddable":true,"href":"https:\/\/bmoplastik.com\/index.php\/wp-json\/wp\/v2\/media\/2489"}],"wp:attachment":[{"href":"https:\/\/bmoplastik.com\/index.php\/wp-json\/wp\/v2\/media?parent=2488"}],"wp:term":[{"taxonomy":"product_cat","embeddable":true,"href":"https:\/\/bmoplastik.com\/index.php\/wp-json\/wp\/v2\/product_cat?post=2488"},{"taxonomy":"product_tag","embeddable":true,"href":"https:\/\/bmoplastik.com\/index.php\/wp-json\/wp\/v2\/product_tag?post=2488"}],"curies":[{"name":"wp","href":"https:\/\/api.w.org\/{rel}","templated":true}]}}