{"id":2486,"date":"2025-02-03T19:39:00","date_gmt":"2025-02-03T19:39:00","guid":{"rendered":"https:\/\/bmoplastik.com\/?post_type=product&#038;p=2486"},"modified":"2025-02-03T19:40:57","modified_gmt":"2025-02-03T19:40:57","slug":"lionsmentesekapagi","status":"publish","type":"product","link":"https:\/\/bmoplastik.com\/index.php\/product\/lionsmentesekapagi\/","title":{"rendered":"EURO 6 Lions Mente\u015fe Kapa\u011f\u0131"},"content":{"rendered":"<p>PANJUR MENTE\u015eE KAPA\u011eI EURO 6 LIONS SA\u011e VE SOL<\/p>\n<p>PAR\u00c7A NUMARASI (OEM): 81.61140 0048, 81.61140 0049<\/p>\n<p>MODEL: TGX-TGS-TGL-TGM-TGA<\/p>\n<p>SKU: BM0011<\/p>\n","protected":false},"excerpt":{"rendered":"<p>BMO Otomotiv<\/p>\n","protected":false},"featured_media":2487,"comment_status":"open","ping_status":"closed","template":"","meta":[],"product_cat":[60],"product_tag":[],"class_list":["post-2486","product","type-product","status-publish","has-post-thumbnail","hentry","product_cat-man-grubu-yedek-parca"],"acf":[],"aioseo_notices":[],"_links":{"self":[{"href":"https:\/\/bmoplastik.com\/index.php\/wp-json\/wp\/v2\/product\/2486","targetHints":{"allow":["GET"]}}],"collection":[{"href":"https:\/\/bmoplastik.com\/index.php\/wp-json\/wp\/v2\/product"}],"about":[{"href":"https:\/\/bmoplastik.com\/index.php\/wp-json\/wp\/v2\/types\/product"}],"replies":[{"embeddable":true,"href":"https:\/\/bmoplastik.com\/index.php\/wp-json\/wp\/v2\/comments?post=2486"}],"wp:featuredmedia":[{"embeddable":true,"href":"https:\/\/bmoplastik.com\/index.php\/wp-json\/wp\/v2\/media\/2487"}],"wp:attachment":[{"href":"https:\/\/bmoplastik.com\/index.php\/wp-json\/wp\/v2\/media?parent=2486"}],"wp:term":[{"taxonomy":"product_cat","embeddable":true,"href":"https:\/\/bmoplastik.com\/index.php\/wp-json\/wp\/v2\/product_cat?post=2486"},{"taxonomy":"product_tag","embeddable":true,"href":"https:\/\/bmoplastik.com\/index.php\/wp-json\/wp\/v2\/product_tag?post=2486"}],"curies":[{"name":"wp","href":"https:\/\/api.w.org\/{rel}","templated":true}]}}