{"id":2483,"date":"2025-02-03T19:28:26","date_gmt":"2025-02-03T19:28:26","guid":{"rendered":"https:\/\/bmoplastik.com\/?post_type=product&#038;p=2483"},"modified":"2025-02-03T19:37:23","modified_gmt":"2025-02-03T19:37:23","slug":"aynakolualtkapagi","status":"publish","type":"product","link":"https:\/\/bmoplastik.com\/index.php\/product\/aynakolualtkapagi\/","title":{"rendered":"EURO 6 Ayna Kolu Kapa\u011f\u0131 Sa\u011f &#038; Sol"},"content":{"rendered":"<p>EURO 6 AYNA KOLU ALT KAPA\u011eI SA\u011e VE SOL<\/p>\n<p>PAR\u00c7A NUMARASI (OEM): 81.63732-0112, 81.63732-0113<\/p>\n<p>MODEL: TGA-TGS-TGX<\/p>\n<p>SKU: BM0010<\/p>\n","protected":false},"excerpt":{"rendered":"<p>BMO Otomotiv<\/p>\n","protected":false},"featured_media":2485,"comment_status":"open","ping_status":"closed","template":"","meta":[],"product_cat":[60],"product_tag":[],"class_list":["post-2483","product","type-product","status-publish","has-post-thumbnail","hentry","product_cat-man-grubu-yedek-parca"],"acf":[],"aioseo_notices":[],"_links":{"self":[{"href":"https:\/\/bmoplastik.com\/index.php\/wp-json\/wp\/v2\/product\/2483","targetHints":{"allow":["GET"]}}],"collection":[{"href":"https:\/\/bmoplastik.com\/index.php\/wp-json\/wp\/v2\/product"}],"about":[{"href":"https:\/\/bmoplastik.com\/index.php\/wp-json\/wp\/v2\/types\/product"}],"replies":[{"embeddable":true,"href":"https:\/\/bmoplastik.com\/index.php\/wp-json\/wp\/v2\/comments?post=2483"}],"wp:featuredmedia":[{"embeddable":true,"href":"https:\/\/bmoplastik.com\/index.php\/wp-json\/wp\/v2\/media\/2485"}],"wp:attachment":[{"href":"https:\/\/bmoplastik.com\/index.php\/wp-json\/wp\/v2\/media?parent=2483"}],"wp:term":[{"taxonomy":"product_cat","embeddable":true,"href":"https:\/\/bmoplastik.com\/index.php\/wp-json\/wp\/v2\/product_cat?post=2483"},{"taxonomy":"product_tag","embeddable":true,"href":"https:\/\/bmoplastik.com\/index.php\/wp-json\/wp\/v2\/product_tag?post=2483"}],"curies":[{"name":"wp","href":"https:\/\/api.w.org\/{rel}","templated":true}]}}