{"id":2425,"date":"2023-11-25T10:17:36","date_gmt":"2023-11-25T10:17:36","guid":{"rendered":"https:\/\/kaylakozmetik.com\/?post_type=product&#038;p=2425"},"modified":"2023-11-25T10:18:35","modified_gmt":"2023-11-25T10:18:35","slug":"camurluk-tapasi","status":"publish","type":"product","link":"https:\/\/bmoplastik.com\/index.php\/product\/camurluk-tapasi\/","title":{"rendered":"\u00c7amurluk Tapas\u0131"},"content":{"rendered":"<p>PAR\u00c7A ADI: MAN \u00c7AMURLUK TAPASI<\/p>\n<p>MUDGUARD COVER, FENDER CAP<\/p>\n<p>PAR\u00c7A NUMARASI (OEM): 81664400187, 81.66440.0187<\/p>\n<p>MODEL: TGS-TGA-TGX (XXL Y\u00fcksek Kabin) TGA (Lou Kabin- D\u00fc\u015f\u00fck Kabin)<\/p>\n","protected":false},"excerpt":{"rendered":"<p>BMO Otomotiv<\/p>\n","protected":false},"featured_media":2426,"comment_status":"open","ping_status":"closed","template":"","meta":[],"product_cat":[60],"product_tag":[],"class_list":["post-2425","product","type-product","status-publish","has-post-thumbnail","hentry","product_cat-man-grubu-yedek-parca"],"acf":[],"aioseo_notices":[],"_links":{"self":[{"href":"https:\/\/bmoplastik.com\/index.php\/wp-json\/wp\/v2\/product\/2425","targetHints":{"allow":["GET"]}}],"collection":[{"href":"https:\/\/bmoplastik.com\/index.php\/wp-json\/wp\/v2\/product"}],"about":[{"href":"https:\/\/bmoplastik.com\/index.php\/wp-json\/wp\/v2\/types\/product"}],"replies":[{"embeddable":true,"href":"https:\/\/bmoplastik.com\/index.php\/wp-json\/wp\/v2\/comments?post=2425"}],"wp:featuredmedia":[{"embeddable":true,"href":"https:\/\/bmoplastik.com\/index.php\/wp-json\/wp\/v2\/media\/2426"}],"wp:attachment":[{"href":"https:\/\/bmoplastik.com\/index.php\/wp-json\/wp\/v2\/media?parent=2425"}],"wp:term":[{"taxonomy":"product_cat","embeddable":true,"href":"https:\/\/bmoplastik.com\/index.php\/wp-json\/wp\/v2\/product_cat?post=2425"},{"taxonomy":"product_tag","embeddable":true,"href":"https:\/\/bmoplastik.com\/index.php\/wp-json\/wp\/v2\/product_tag?post=2425"}],"curies":[{"name":"wp","href":"https:\/\/api.w.org\/{rel}","templated":true}]}}