{"id":2418,"date":"2023-11-25T10:13:10","date_gmt":"2023-11-25T10:13:10","guid":{"rendered":"https:\/\/kaylakozmetik.com\/?post_type=product&#038;p=2418"},"modified":"2023-11-25T10:14:13","modified_gmt":"2023-11-25T10:14:13","slug":"radyator-koruma-izgarasi","status":"publish","type":"product","link":"https:\/\/bmoplastik.com\/index.php\/product\/radyator-koruma-izgarasi\/","title":{"rendered":"Radyat\u00f6r Koruma Izgaras\u0131"},"content":{"rendered":"<p>PAR\u00c7A ADI: RADYAT\u00d6R KORUMA IZGARASI<\/p>\n<p>RADIATOR PROTECTION GRILL<\/p>\n<p>PAR\u00c7A NUMARASI (OEM): 81062016024, 81062016023<\/p>\n<p>MODEL: TGA, TGS<\/p>\n","protected":false},"excerpt":{"rendered":"<p>BMO Otomotiv<\/p>\n","protected":false},"featured_media":2419,"comment_status":"open","ping_status":"closed","template":"","meta":[],"product_cat":[60],"product_tag":[],"class_list":["post-2418","product","type-product","status-publish","has-post-thumbnail","hentry","product_cat-man-grubu-yedek-parca"],"acf":[],"aioseo_notices":[],"_links":{"self":[{"href":"https:\/\/bmoplastik.com\/index.php\/wp-json\/wp\/v2\/product\/2418","targetHints":{"allow":["GET"]}}],"collection":[{"href":"https:\/\/bmoplastik.com\/index.php\/wp-json\/wp\/v2\/product"}],"about":[{"href":"https:\/\/bmoplastik.com\/index.php\/wp-json\/wp\/v2\/types\/product"}],"replies":[{"embeddable":true,"href":"https:\/\/bmoplastik.com\/index.php\/wp-json\/wp\/v2\/comments?post=2418"}],"wp:featuredmedia":[{"embeddable":true,"href":"https:\/\/bmoplastik.com\/index.php\/wp-json\/wp\/v2\/media\/2419"}],"wp:attachment":[{"href":"https:\/\/bmoplastik.com\/index.php\/wp-json\/wp\/v2\/media?parent=2418"}],"wp:term":[{"taxonomy":"product_cat","embeddable":true,"href":"https:\/\/bmoplastik.com\/index.php\/wp-json\/wp\/v2\/product_cat?post=2418"},{"taxonomy":"product_tag","embeddable":true,"href":"https:\/\/bmoplastik.com\/index.php\/wp-json\/wp\/v2\/product_tag?post=2418"}],"curies":[{"name":"wp","href":"https:\/\/api.w.org\/{rel}","templated":true}]}}