{"id":2412,"date":"2023-11-25T10:09:08","date_gmt":"2023-11-25T10:09:08","guid":{"rendered":"https:\/\/kaylakozmetik.com\/?post_type=product&#038;p=2412"},"modified":"2023-12-13T10:01:24","modified_gmt":"2023-12-13T10:01:24","slug":"silecek-mentese-kapagi","status":"publish","type":"product","link":"https:\/\/bmoplastik.com\/index.php\/product\/silecek-mentese-kapagi\/","title":{"rendered":"Silecek Mente\u015fe Kapa\u011f\u0131"},"content":{"rendered":"<p>PAR\u00c7A ADI: PANJUR MENTE\u015eE KAPA\u011eI<\/p>\n<p>PAR\u00c7A NUMARASI (OEM): 81611400032<\/p>\n<p>MODEL: TGX, TGS<\/p>\n","protected":false},"excerpt":{"rendered":"<p>BMO Otomotiv<\/p>\n","protected":false},"featured_media":2413,"comment_status":"open","ping_status":"closed","template":"","meta":[],"product_cat":[60],"product_tag":[],"class_list":["post-2412","product","type-product","status-publish","has-post-thumbnail","hentry","product_cat-man-grubu-yedek-parca"],"acf":[],"aioseo_notices":[],"_links":{"self":[{"href":"https:\/\/bmoplastik.com\/index.php\/wp-json\/wp\/v2\/product\/2412","targetHints":{"allow":["GET"]}}],"collection":[{"href":"https:\/\/bmoplastik.com\/index.php\/wp-json\/wp\/v2\/product"}],"about":[{"href":"https:\/\/bmoplastik.com\/index.php\/wp-json\/wp\/v2\/types\/product"}],"replies":[{"embeddable":true,"href":"https:\/\/bmoplastik.com\/index.php\/wp-json\/wp\/v2\/comments?post=2412"}],"wp:featuredmedia":[{"embeddable":true,"href":"https:\/\/bmoplastik.com\/index.php\/wp-json\/wp\/v2\/media\/2413"}],"wp:attachment":[{"href":"https:\/\/bmoplastik.com\/index.php\/wp-json\/wp\/v2\/media?parent=2412"}],"wp:term":[{"taxonomy":"product_cat","embeddable":true,"href":"https:\/\/bmoplastik.com\/index.php\/wp-json\/wp\/v2\/product_cat?post=2412"},{"taxonomy":"product_tag","embeddable":true,"href":"https:\/\/bmoplastik.com\/index.php\/wp-json\/wp\/v2\/product_tag?post=2412"}],"curies":[{"name":"wp","href":"https:\/\/api.w.org\/{rel}","templated":true}]}}