{"id":2408,"date":"2023-11-25T10:06:03","date_gmt":"2023-11-25T10:06:03","guid":{"rendered":"https:\/\/kaylakozmetik.com\/?post_type=product&#038;p=2408"},"modified":"2023-11-25T10:07:57","modified_gmt":"2023-11-25T10:07:57","slug":"tampon-kapagi-ceki-kapagi","status":"publish","type":"product","link":"https:\/\/bmoplastik.com\/index.php\/product\/tampon-kapagi-ceki-kapagi\/","title":{"rendered":"Tampon Kapa\u011f\u0131 \u00c7eki Kapa\u011f\u0131"},"content":{"rendered":"<p>\u00dcR\u00dcN A\u00c7IKLAMASI: KAPAK, \u00c7EKT\u0130RME KANCASI<\/p>\n<p>BUMPER COVER<\/p>\n<p>PAR\u00c7A NUMARASI (OEM): 81416100992, 81.41610.0992<\/p>\n<p>MODEL: TGX, TGS<\/p>\n","protected":false},"excerpt":{"rendered":"<p>BMO Otomotiv<\/p>\n","protected":false},"featured_media":2409,"comment_status":"open","ping_status":"closed","template":"","meta":[],"product_cat":[60],"product_tag":[],"class_list":["post-2408","product","type-product","status-publish","has-post-thumbnail","hentry","product_cat-man-grubu-yedek-parca"],"acf":[],"aioseo_notices":[],"_links":{"self":[{"href":"https:\/\/bmoplastik.com\/index.php\/wp-json\/wp\/v2\/product\/2408","targetHints":{"allow":["GET"]}}],"collection":[{"href":"https:\/\/bmoplastik.com\/index.php\/wp-json\/wp\/v2\/product"}],"about":[{"href":"https:\/\/bmoplastik.com\/index.php\/wp-json\/wp\/v2\/types\/product"}],"replies":[{"embeddable":true,"href":"https:\/\/bmoplastik.com\/index.php\/wp-json\/wp\/v2\/comments?post=2408"}],"wp:featuredmedia":[{"embeddable":true,"href":"https:\/\/bmoplastik.com\/index.php\/wp-json\/wp\/v2\/media\/2409"}],"wp:attachment":[{"href":"https:\/\/bmoplastik.com\/index.php\/wp-json\/wp\/v2\/media?parent=2408"}],"wp:term":[{"taxonomy":"product_cat","embeddable":true,"href":"https:\/\/bmoplastik.com\/index.php\/wp-json\/wp\/v2\/product_cat?post=2408"},{"taxonomy":"product_tag","embeddable":true,"href":"https:\/\/bmoplastik.com\/index.php\/wp-json\/wp\/v2\/product_tag?post=2408"}],"curies":[{"name":"wp","href":"https:\/\/api.w.org\/{rel}","templated":true}]}}