{"id":2404,"date":"2023-11-25T10:04:01","date_gmt":"2023-11-25T10:04:01","guid":{"rendered":"https:\/\/kaylakozmetik.com\/?post_type=product&#038;p=2404"},"modified":"2023-12-07T15:42:20","modified_gmt":"2023-12-07T15:42:20","slug":"panjur-acma-mandali","status":"publish","type":"product","link":"https:\/\/bmoplastik.com\/index.php\/product\/panjur-acma-mandali\/","title":{"rendered":"Panjur A\u00e7ma Mandal\u0131"},"content":{"rendered":"<p>PAR\u00c7A ADI: TUTAMAK MOTOR KAPUTU K\u0130L\u0130T MEKAN\u0130ZMASI<\/p>\n<p>HANDLE, BONNET RELEASE<\/p>\n<p>PAR\u00c7A NUMARASI(OEM): 81.61701-6277, 81.61701.0286, 81617016277<\/p>\n<p>MODEL: MAN TGA-TGL-TGM<\/p>\n","protected":false},"excerpt":{"rendered":"<p>BMO Otomotiv<\/p>\n","protected":false},"featured_media":2405,"comment_status":"open","ping_status":"closed","template":"","meta":[],"product_cat":[60],"product_tag":[],"class_list":["post-2404","product","type-product","status-publish","has-post-thumbnail","hentry","product_cat-man-grubu-yedek-parca"],"acf":[],"aioseo_notices":[],"_links":{"self":[{"href":"https:\/\/bmoplastik.com\/index.php\/wp-json\/wp\/v2\/product\/2404","targetHints":{"allow":["GET"]}}],"collection":[{"href":"https:\/\/bmoplastik.com\/index.php\/wp-json\/wp\/v2\/product"}],"about":[{"href":"https:\/\/bmoplastik.com\/index.php\/wp-json\/wp\/v2\/types\/product"}],"replies":[{"embeddable":true,"href":"https:\/\/bmoplastik.com\/index.php\/wp-json\/wp\/v2\/comments?post=2404"}],"wp:featuredmedia":[{"embeddable":true,"href":"https:\/\/bmoplastik.com\/index.php\/wp-json\/wp\/v2\/media\/2405"}],"wp:attachment":[{"href":"https:\/\/bmoplastik.com\/index.php\/wp-json\/wp\/v2\/media?parent=2404"}],"wp:term":[{"taxonomy":"product_cat","embeddable":true,"href":"https:\/\/bmoplastik.com\/index.php\/wp-json\/wp\/v2\/product_cat?post=2404"},{"taxonomy":"product_tag","embeddable":true,"href":"https:\/\/bmoplastik.com\/index.php\/wp-json\/wp\/v2\/product_tag?post=2404"}],"curies":[{"name":"wp","href":"https:\/\/api.w.org\/{rel}","templated":true}]}}