{"id":1802,"date":"2019-01-16T13:01:55","date_gmt":"2019-01-16T13:01:55","guid":{"rendered":"https:\/\/woocommercecore.mystagingwebsite.com\/product\/logo-collection\/"},"modified":"2023-11-25T09:59:17","modified_gmt":"2023-11-25T09:59:17","slug":"logo-collection","status":"publish","type":"product","link":"https:\/\/bmoplastik.com\/index.php\/product\/logo-collection\/","title":{"rendered":"Kriko Kapa\u011f\u0131"},"content":{"rendered":"<p>PAR\u00c7A ADI: MAN KR\u0130KO KAPA\u011eI, MAN BASAMAK KAPA\u011eI<\/p>\n<p>MAN TGA CAB LADDER COVER<\/p>\n<p>PAR\u00c7A NUMARASI(OEM): <a href=\"https:\/\/ugr.com.tr\/urunler?oem=81615100536&amp;brand-name=FOR+MAN&amp;product=\">\u00a081615100823, 81615100536<\/a>,<a href=\"https:\/\/ugr.com.tr\/urunler?oem=81615100468&amp;brand-name=FOR+MAN&amp;product=\">81615100468<\/a>,<a href=\"https:\/\/ugr.com.tr\/urunler?oem=81615100443&amp;brand-name=FOR+MAN&amp;product=\">81615100443<\/a><\/p>\n<p>MODEL: TGA-TGS-TGX<\/p>\n","protected":false},"excerpt":{"rendered":"<p>BMO Otomotiv<\/p>\n","protected":false},"featured_media":2399,"comment_status":"open","ping_status":"closed","template":"","meta":[],"product_cat":[60],"product_tag":[],"class_list":["post-1802","product","type-product","status-publish","has-post-thumbnail","hentry","product_cat-man-grubu-yedek-parca"],"acf":[],"aioseo_notices":[],"_links":{"self":[{"href":"https:\/\/bmoplastik.com\/index.php\/wp-json\/wp\/v2\/product\/1802","targetHints":{"allow":["GET"]}}],"collection":[{"href":"https:\/\/bmoplastik.com\/index.php\/wp-json\/wp\/v2\/product"}],"about":[{"href":"https:\/\/bmoplastik.com\/index.php\/wp-json\/wp\/v2\/types\/product"}],"replies":[{"embeddable":true,"href":"https:\/\/bmoplastik.com\/index.php\/wp-json\/wp\/v2\/comments?post=1802"}],"wp:featuredmedia":[{"embeddable":true,"href":"https:\/\/bmoplastik.com\/index.php\/wp-json\/wp\/v2\/media\/2399"}],"wp:attachment":[{"href":"https:\/\/bmoplastik.com\/index.php\/wp-json\/wp\/v2\/media?parent=1802"}],"wp:term":[{"taxonomy":"product_cat","embeddable":true,"href":"https:\/\/bmoplastik.com\/index.php\/wp-json\/wp\/v2\/product_cat?post=1802"},{"taxonomy":"product_tag","embeddable":true,"href":"https:\/\/bmoplastik.com\/index.php\/wp-json\/wp\/v2\/product_tag?post=1802"}],"curies":[{"name":"wp","href":"https:\/\/api.w.org\/{rel}","templated":true}]}}