{"id":951,"date":"2022-05-21T10:18:22","date_gmt":"2022-05-21T10:18:22","guid":{"rendered":"https:\/\/modinatheme.com\/dustrix\/?page_id=951"},"modified":"2023-11-19T15:24:58","modified_gmt":"2023-11-19T15:24:58","slug":"misyonvizyon","status":"publish","type":"page","link":"https:\/\/bmoplastik.com\/index.php\/misyonvizyon\/","title":{"rendered":"Misyon &#038; Vizyon"},"content":{"rendered":"\t\t<div data-elementor-type=\"wp-page\" data-elementor-id=\"951\" class=\"elementor elementor-951\">\n\t\t\t\t\t\t\t\t\t<section class=\"elementor-section elementor-top-section elementor-element elementor-element-e523dba elementor-section-boxed elementor-section-height-default elementor-section-height-default\" data-id=\"e523dba\" data-element_type=\"section\" data-settings=\"{&quot;background_background&quot;:&quot;classic&quot;}\">\n\t\t\t\t\t\t<div class=\"elementor-container elementor-column-gap-default\">\n\t\t\t\t\t<div class=\"elementor-column elementor-col-100 elementor-top-column elementor-element elementor-element-342723f\" data-id=\"342723f\" data-element_type=\"column\">\n\t\t\t<div class=\"elementor-widget-wrap\">\n\t\t\t\t\t\t\t\t\t<\/div>\n\t\t<\/div>\n\t\t\t\t\t\t\t<\/div>\n\t\t<\/section>\n\t\t\t\t<section class=\"elementor-section elementor-top-section elementor-element elementor-element-4a2f89d elementor-section-boxed elementor-section-height-default elementor-section-height-default\" data-id=\"4a2f89d\" data-element_type=\"section\">\n\t\t\t\t\t\t<div class=\"elementor-container elementor-column-gap-no\">\n\t\t\t\t\t<div class=\"elementor-column elementor-col-100 elementor-top-column elementor-element elementor-element-75d3838\" data-id=\"75d3838\" data-element_type=\"column\" data-settings=\"{&quot;background_background&quot;:&quot;classic&quot;}\">\n\t\t\t<div class=\"elementor-widget-wrap elementor-element-populated\">\n\t\t\t\t\t<div class=\"elementor-background-overlay\"><\/div>\n\t\t\t\t\t\t\t\t<section class=\"elementor-section elementor-inner-section elementor-element elementor-element-de52481 elementor-section-boxed elementor-section-height-default elementor-section-height-default\" data-id=\"de52481\" data-element_type=\"section\">\n\t\t\t\t\t\t<div class=\"elementor-container elementor-column-gap-default\">\n\t\t\t\t\t<div class=\"elementor-column elementor-col-100 elementor-inner-column elementor-element elementor-element-073978b\" data-id=\"073978b\" data-element_type=\"column\">\n\t\t\t<div class=\"elementor-widget-wrap elementor-element-populated\">\n\t\t\t\t\t\t\t\t<div class=\"elementor-element elementor-element-d265b27 elementor-widget elementor-widget-heading\" data-id=\"d265b27\" data-element_type=\"widget\" data-widget_type=\"heading.default\">\n\t\t\t\t<div class=\"elementor-widget-container\">\n\t\t\t<style>\/*! elementor - v3.17.0 - 25-10-2023 *\/\n.elementor-heading-title{padding:0;margin:0;line-height:1}.elementor-widget-heading .elementor-heading-title[class*=elementor-size-]>a{color:inherit;font-size:inherit;line-height:inherit}.elementor-widget-heading .elementor-heading-title.elementor-size-small{font-size:15px}.elementor-widget-heading .elementor-heading-title.elementor-size-medium{font-size:19px}.elementor-widget-heading .elementor-heading-title.elementor-size-large{font-size:29px}.elementor-widget-heading .elementor-heading-title.elementor-size-xl{font-size:39px}.elementor-widget-heading .elementor-heading-title.elementor-size-xxl{font-size:59px}<\/style><h2 class=\"elementor-heading-title elementor-size-default\">Misyon<\/h2>\t\t<\/div>\n\t\t\t\t<\/div>\n\t\t\t\t<div class=\"elementor-element elementor-element-4b71baa elementor-widget elementor-widget-text-editor\" data-id=\"4b71baa\" data-element_type=\"widget\" data-widget_type=\"text-editor.default\">\n\t\t\t\t<div class=\"elementor-widget-container\">\n\t\t\t<style>\/*! elementor - v3.17.0 - 25-10-2023 *\/\n.elementor-widget-text-editor.elementor-drop-cap-view-stacked .elementor-drop-cap{background-color:#69727d;color:#fff}.elementor-widget-text-editor.elementor-drop-cap-view-framed .elementor-drop-cap{color:#69727d;border:3px solid;background-color:transparent}.elementor-widget-text-editor:not(.elementor-drop-cap-view-default) .elementor-drop-cap{margin-top:8px}.elementor-widget-text-editor:not(.elementor-drop-cap-view-default) .elementor-drop-cap-letter{width:1em;height:1em}.elementor-widget-text-editor .elementor-drop-cap{float:left;text-align:center;line-height:1;font-size:50px}.elementor-widget-text-editor .elementor-drop-cap-letter{display:inline-block}<\/style>\t\t\t\t<p>&#8220;BMO Otomotiv olarak, otomotiv end\u00fcstrisine de\u011fer katmay\u0131 ve y\u00fcksek kaliteli yedek par\u00e7a \u00fcretimiyle sekt\u00f6rde \u00f6nc\u00fc olmay\u0131 misyon ediniyoruz. M\u00fc\u015fteri memnuniyetini esas alarak, inovasyon ve kaliteyi bir arada sunarak sekt\u00f6re y\u00f6n vermeyi ama\u00e7l\u0131yoruz.&#8221;<\/p>\t\t\t\t\t\t<\/div>\n\t\t\t\t<\/div>\n\t\t\t\t\t<\/div>\n\t\t<\/div>\n\t\t\t\t\t\t\t<\/div>\n\t\t<\/section>\n\t\t\t\t\t<\/div>\n\t\t<\/div>\n\t\t\t\t\t\t\t<\/div>\n\t\t<\/section>\n\t\t<div class=\"elementor-element elementor-element-77a2ca3 e-flex e-con-boxed e-con e-parent\" data-id=\"77a2ca3\" data-element_type=\"container\" data-settings=\"{&quot;content_width&quot;:&quot;boxed&quot;}\" data-core-v316-plus=\"true\">\n\t\t\t\t\t<div class=\"e-con-inner\">\n\t\t\t\t\t<\/div>\n\t\t\t\t<\/div>\n\t\t\t\t<section class=\"elementor-section elementor-top-section elementor-element elementor-element-f5d736d elementor-section-boxed elementor-section-height-default elementor-section-height-default\" data-id=\"f5d736d\" data-element_type=\"section\" data-settings=\"{&quot;background_background&quot;:&quot;classic&quot;}\">\n\t\t\t\t\t\t<div class=\"elementor-container elementor-column-gap-no\">\n\t\t\t\t\t<div class=\"elementor-column elementor-col-100 elementor-top-column elementor-element elementor-element-fa22987\" data-id=\"fa22987\" data-element_type=\"column\" data-settings=\"{&quot;background_background&quot;:&quot;classic&quot;}\">\n\t\t\t<div class=\"elementor-widget-wrap elementor-element-populated\">\n\t\t\t\t\t<div class=\"elementor-background-overlay\"><\/div>\n\t\t\t\t\t\t\t\t<section class=\"elementor-section elementor-inner-section elementor-element elementor-element-3238a07 elementor-section-boxed elementor-section-height-default elementor-section-height-default\" data-id=\"3238a07\" data-element_type=\"section\">\n\t\t\t\t\t\t<div class=\"elementor-container elementor-column-gap-default\">\n\t\t\t\t\t<div class=\"elementor-column elementor-col-100 elementor-inner-column elementor-element elementor-element-ee6a534\" data-id=\"ee6a534\" data-element_type=\"column\">\n\t\t\t<div class=\"elementor-widget-wrap elementor-element-populated\">\n\t\t\t\t\t\t\t\t<div class=\"elementor-element elementor-element-ffbe765 elementor-widget elementor-widget-heading\" data-id=\"ffbe765\" data-element_type=\"widget\" data-widget_type=\"heading.default\">\n\t\t\t\t<div class=\"elementor-widget-container\">\n\t\t\t<h2 class=\"elementor-heading-title elementor-size-default\">Vizyon<\/h2>\t\t<\/div>\n\t\t\t\t<\/div>\n\t\t\t\t<div class=\"elementor-element elementor-element-424632a elementor-widget elementor-widget-text-editor\" data-id=\"424632a\" data-element_type=\"widget\" data-widget_type=\"text-editor.default\">\n\t\t\t\t<div class=\"elementor-widget-container\">\n\t\t\t\t\t\t\t<p>&#8220;Vizyonumuz, s\u00fcrekli geli\u015fen otomotiv end\u00fcstrisinde liderli\u011fi s\u00fcrd\u00fcrmek ve gelece\u011fin ihtiya\u00e7lar\u0131na uygun \u00e7\u00f6z\u00fcmler \u00fcreterek d\u00fcnya \u00e7ap\u0131nda tercih edilen bir marka olmakt\u0131r. Sekt\u00f6rdeki teknolojik ve yenilik\u00e7i trendleri yak\u0131ndan takip ederek, s\u00fcrd\u00fcr\u00fclebilir bir gelecek i\u00e7in \u00e7\u00f6z\u00fcm odakl\u0131 bir yakla\u015f\u0131m benimsemeyi hedefliyoruz.&#8221;<\/p>\t\t\t\t\t\t<\/div>\n\t\t\t\t<\/div>\n\t\t\t\t\t<\/div>\n\t\t<\/div>\n\t\t\t\t\t\t\t<\/div>\n\t\t<\/section>\n\t\t\t\t\t<\/div>\n\t\t<\/div>\n\t\t\t\t\t\t\t<\/div>\n\t\t<\/section>\n\t\t\t\t<section class=\"elementor-section elementor-top-section elementor-element elementor-element-d36997a elementor-section-boxed elementor-section-height-default elementor-section-height-default\" data-id=\"d36997a\" data-element_type=\"section\">\n\t\t\t\t\t\t<div class=\"elementor-container elementor-column-gap-default\">\n\t\t\t\t\t<div class=\"elementor-column elementor-col-100 elementor-top-column elementor-element elementor-element-45a057f\" data-id=\"45a057f\" data-element_type=\"column\">\n\t\t\t<div class=\"elementor-widget-wrap\">\n\t\t\t\t\t\t\t\t\t<\/div>\n\t\t<\/div>\n\t\t\t\t\t\t\t<\/div>\n\t\t<\/section>\n\t\t\t\t\t\t\t<\/div>\n\t\t","protected":false},"excerpt":{"rendered":"<p>Misyon &#8220;BMO Otomotiv olarak, otomotiv end\u00fcstrisine de\u011fer katmay\u0131 ve y\u00fcksek kaliteli yedek par\u00e7a \u00fcretimiyle sekt\u00f6rde \u00f6nc\u00fc olmay\u0131 misyon ediniyoruz. M\u00fc\u015fteri memnuniyetini esas alarak, inovasyon ve kaliteyi bir arada sunarak sekt\u00f6re y\u00f6n vermeyi ama\u00e7l\u0131yoruz.&#8221; Vizyon &#8220;Vizyonumuz, s\u00fcrekli geli\u015fen otomotiv end\u00fcstrisinde liderli\u011fi s\u00fcrd\u00fcrmek ve gelece\u011fin ihtiya\u00e7lar\u0131na uygun \u00e7\u00f6z\u00fcmler \u00fcreterek d\u00fcnya \u00e7ap\u0131nda tercih edilen bir marka olmakt\u0131r. Sekt\u00f6rdeki [&hellip;]<\/p>\n","protected":false},"author":1,"featured_media":0,"parent":0,"menu_order":0,"comment_status":"closed","ping_status":"closed","template":"elementor_header_footer","meta":{"footnotes":""},"class_list":["post-951","page","type-page","status-publish","hentry"],"acf":[],"aioseo_notices":[],"_links":{"self":[{"href":"https:\/\/bmoplastik.com\/index.php\/wp-json\/wp\/v2\/pages\/951","targetHints":{"allow":["GET"]}}],"collection":[{"href":"https:\/\/bmoplastik.com\/index.php\/wp-json\/wp\/v2\/pages"}],"about":[{"href":"https:\/\/bmoplastik.com\/index.php\/wp-json\/wp\/v2\/types\/page"}],"author":[{"embeddable":true,"href":"https:\/\/bmoplastik.com\/index.php\/wp-json\/wp\/v2\/users\/1"}],"replies":[{"embeddable":true,"href":"https:\/\/bmoplastik.com\/index.php\/wp-json\/wp\/v2\/comments?post=951"}],"version-history":[{"count":17,"href":"https:\/\/bmoplastik.com\/index.php\/wp-json\/wp\/v2\/pages\/951\/revisions"}],"predecessor-version":[{"id":2312,"href":"https:\/\/bmoplastik.com\/index.php\/wp-json\/wp\/v2\/pages\/951\/revisions\/2312"}],"wp:attachment":[{"href":"https:\/\/bmoplastik.com\/index.php\/wp-json\/wp\/v2\/media?parent=951"}],"curies":[{"name":"wp","href":"https:\/\/api.w.org\/{rel}","templated":true}]}}