{"id":943,"date":"2022-05-21T10:17:41","date_gmt":"2022-05-21T10:17:41","guid":{"rendered":"https:\/\/modinatheme.com\/dustrix\/?page_id=943"},"modified":"2023-11-12T12:04:15","modified_gmt":"2023-11-12T12:04:15","slug":"katalog","status":"publish","type":"page","link":"https:\/\/bmoplastik.com\/index.php\/katalog\/","title":{"rendered":"\u00dcr\u00fcn Katalo\u011fu"},"content":{"rendered":"\t\t<div data-elementor-type=\"wp-page\" data-elementor-id=\"943\" class=\"elementor elementor-943\">\n\t\t\t\t\t\t\t<div class=\"elementor-element elementor-element-3c2b81f e-flex e-con-boxed e-con e-parent\" data-id=\"3c2b81f\" data-element_type=\"container\" data-settings=\"{&quot;content_width&quot;:&quot;boxed&quot;}\" data-core-v316-plus=\"true\">\n\t\t\t\t\t<div class=\"e-con-inner\">\n\t\t\t\t<div class=\"elementor-element elementor-element-4a83ec9 elementor-widget elementor-widget-html\" data-id=\"4a83ec9\" data-element_type=\"widget\" data-widget_type=\"html.default\">\n\t\t\t\t<div class=\"elementor-widget-container\">\n\t\t\t<div class=\"df-element df-lite\"  data-slug=\"urun-katalogu\" data-_slug=\"urun-katalogu\" data-title=\"urun-katalogu\" id=\"df_2210\" data-option=\"df_option_2210\" ><\/div><script class=\"df-shortcode-script\" type=\"application\/javascript\">window.df_option_2210 = {\"source\":\"https:\\\/\\\/bmoplastik.com\\\/wp-content\\\/uploads\\\/2023\\\/11\\\/BMO-KATALOG-sikistirildi.pdf\",\"viewerType\":\"reader\",\"slug\":\"urun-katalogu\",\"id\":2210}; if(window.DEARPDF && window.DEARPDF.parseElements){window.DEARPDF.parseElements();}<\/script>\t\t<\/div>\n\t\t\t\t<\/div>\n\t\t\t\t\t<\/div>\n\t\t\t\t<\/div>\n\t\t\t\t\t\t\t<\/div>\n\t\t","protected":false},"excerpt":{"rendered":"","protected":false},"author":1,"featured_media":0,"parent":0,"menu_order":0,"comment_status":"closed","ping_status":"closed","template":"elementor_header_footer","meta":{"footnotes":""},"class_list":["post-943","page","type-page","status-publish","hentry"],"acf":[],"aioseo_notices":[],"_links":{"self":[{"href":"https:\/\/bmoplastik.com\/index.php\/wp-json\/wp\/v2\/pages\/943","targetHints":{"allow":["GET"]}}],"collection":[{"href":"https:\/\/bmoplastik.com\/index.php\/wp-json\/wp\/v2\/pages"}],"about":[{"href":"https:\/\/bmoplastik.com\/index.php\/wp-json\/wp\/v2\/types\/page"}],"author":[{"embeddable":true,"href":"https:\/\/bmoplastik.com\/index.php\/wp-json\/wp\/v2\/users\/1"}],"replies":[{"embeddable":true,"href":"https:\/\/bmoplastik.com\/index.php\/wp-json\/wp\/v2\/comments?post=943"}],"version-history":[{"count":7,"href":"https:\/\/bmoplastik.com\/index.php\/wp-json\/wp\/v2\/pages\/943\/revisions"}],"predecessor-version":[{"id":2229,"href":"https:\/\/bmoplastik.com\/index.php\/wp-json\/wp\/v2\/pages\/943\/revisions\/2229"}],"wp:attachment":[{"href":"https:\/\/bmoplastik.com\/index.php\/wp-json\/wp\/v2\/media?parent=943"}],"curies":[{"name":"wp","href":"https:\/\/api.w.org\/{rel}","templated":true}]}}