{"id":942,"date":"2022-05-21T10:17:26","date_gmt":"2022-05-21T10:17:26","guid":{"rendered":"https:\/\/modinatheme.com\/dustrix\/?page_id=942"},"modified":"2023-11-19T15:26:38","modified_gmt":"2023-11-19T15:26:38","slug":"kalitepolitikamiz","status":"publish","type":"page","link":"https:\/\/bmoplastik.com\/index.php\/kalitepolitikamiz\/","title":{"rendered":"Kalite Politikam\u0131z"},"content":{"rendered":"\t\t<div data-elementor-type=\"wp-page\" data-elementor-id=\"942\" class=\"elementor elementor-942\">\n\t\t\t\t\t\t\t\t\t<section class=\"elementor-section elementor-top-section elementor-element elementor-element-4675fa1 elementor-section-boxed elementor-section-height-default elementor-section-height-default\" data-id=\"4675fa1\" data-element_type=\"section\" data-settings=\"{&quot;background_background&quot;:&quot;classic&quot;}\">\n\t\t\t\t\t\t\t<div class=\"elementor-background-overlay\"><\/div>\n\t\t\t\t\t\t\t<div class=\"elementor-container elementor-column-gap-default\">\n\t\t\t\t\t<div class=\"elementor-column elementor-col-50 elementor-top-column elementor-element elementor-element-ba881d4\" data-id=\"ba881d4\" data-element_type=\"column\">\n\t\t\t<div class=\"elementor-widget-wrap elementor-element-populated\">\n\t\t\t\t\t\t\t\t<div class=\"elementor-element elementor-element-77261fe elementor-widget__width-initial elementor-absolute elementor-widget elementor-widget-image\" data-id=\"77261fe\" data-element_type=\"widget\" data-settings=\"{&quot;_position&quot;:&quot;absolute&quot;}\" data-widget_type=\"image.default\">\n\t\t\t\t<div class=\"elementor-widget-container\">\n\t\t\t<style>\/*! elementor - v3.17.0 - 25-10-2023 *\/\n.elementor-widget-image{text-align:center}.elementor-widget-image a{display:inline-block}.elementor-widget-image a img[src$=\".svg\"]{width:48px}.elementor-widget-image img{vertical-align:middle;display:inline-block}<\/style>\t\t\t\t\t\t\t\t\t\t\t\t<img decoding=\"async\" width=\"150\" height=\"150\" src=\"https:\/\/bmoplastik.com\/wp-content\/uploads\/2023\/11\/bmobayrak-150x150.jpg\" class=\"attachment-thumbnail size-thumbnail wp-image-2242\" alt=\"\" srcset=\"https:\/\/bmoplastik.com\/wp-content\/uploads\/2023\/11\/bmobayrak-150x150.jpg 150w, https:\/\/bmoplastik.com\/wp-content\/uploads\/2023\/11\/bmobayrak-300x300.jpg 300w, https:\/\/bmoplastik.com\/wp-content\/uploads\/2023\/11\/bmobayrak-100x100.jpg 100w\" sizes=\"(max-width: 150px) 100vw, 150px\" \/>\t\t\t\t\t\t\t\t\t\t\t\t\t\t\t<\/div>\n\t\t\t\t<\/div>\n\t\t\t\t<div class=\"elementor-element elementor-element-2880625 elementor-widget__width-initial elementor-widget-mobile__width-initial elementor-absolute elementor-widget elementor-widget-image\" data-id=\"2880625\" data-element_type=\"widget\" data-settings=\"{&quot;_position&quot;:&quot;absolute&quot;}\" data-widget_type=\"image.default\">\n\t\t\t\t<div class=\"elementor-widget-container\">\n\t\t\t\t\t\t\t\t\t\t\t\t\t\t\t<img fetchpriority=\"high\" decoding=\"async\" width=\"1170\" height=\"626\" src=\"https:\/\/bmoplastik.com\/wp-content\/uploads\/2023\/11\/banner-1170x626.jpg\" class=\"attachment-dustrix_1170x600 size-dustrix_1170x600 wp-image-2226\" alt=\"\" \/>\t\t\t\t\t\t\t\t\t\t\t\t\t\t\t<\/div>\n\t\t\t\t<\/div>\n\t\t\t\t<div class=\"elementor-element elementor-element-80866a4 elementor-widget__width-initial elementor-widget elementor-widget-image\" data-id=\"80866a4\" data-element_type=\"widget\" data-widget_type=\"image.default\">\n\t\t\t\t<div class=\"elementor-widget-container\">\n\t\t\t\t\t\t\t\t\t\t\t\t\t\t\t<img decoding=\"async\" width=\"1170\" height=\"658\" src=\"https:\/\/bmoplastik.com\/wp-content\/uploads\/2023\/10\/bmokapakfoto-1170x658.jpg\" class=\"attachment-dustrix_1170x600 size-dustrix_1170x600 wp-image-2102\" alt=\"\" srcset=\"https:\/\/bmoplastik.com\/wp-content\/uploads\/2023\/10\/bmokapakfoto-1170x658.jpg 1170w, https:\/\/bmoplastik.com\/wp-content\/uploads\/2023\/10\/bmokapakfoto-820x461.jpg 820w, https:\/\/bmoplastik.com\/wp-content\/uploads\/2023\/10\/bmokapakfoto-177x100.jpg 177w\" sizes=\"(max-width: 1170px) 100vw, 1170px\" \/>\t\t\t\t\t\t\t\t\t\t\t\t\t\t\t<\/div>\n\t\t\t\t<\/div>\n\t\t\t\t\t<\/div>\n\t\t<\/div>\n\t\t\t\t<div class=\"elementor-column elementor-col-50 elementor-top-column elementor-element elementor-element-5cb2734\" data-id=\"5cb2734\" data-element_type=\"column\">\n\t\t\t<div class=\"elementor-widget-wrap elementor-element-populated\">\n\t\t\t\t\t\t\t\t<div class=\"elementor-element elementor-element-05a46b5 elementor-widget elementor-widget-modina_section_title\" data-id=\"05a46b5\" data-element_type=\"widget\" data-widget_type=\"modina_section_title.default\">\n\t\t\t\t<div class=\"elementor-widget-container\">\n\t\t\t        <div class=\"section-title text-start\">\r\n        <span>Kalite<\/span>\r\n        <p>Bmo<\/p>\r\n        <h2>Kalite Politikam\u0131z<\/h2>\r\n    <\/div>\r\n    \r\n    \r\n        \t\t<\/div>\n\t\t\t\t<\/div>\n\t\t\t\t<section class=\"elementor-section elementor-inner-section elementor-element elementor-element-47856f5 elementor-section-full_width elementor-section-height-default elementor-section-height-default\" data-id=\"47856f5\" data-element_type=\"section\">\n\t\t\t\t\t\t<div class=\"elementor-container elementor-column-gap-default\">\n\t\t\t\t\t<div class=\"elementor-column elementor-col-50 elementor-inner-column elementor-element elementor-element-a5ec9bc\" data-id=\"a5ec9bc\" data-element_type=\"column\">\n\t\t\t<div class=\"elementor-widget-wrap elementor-element-populated\">\n\t\t\t\t\t\t\t\t<div class=\"elementor-element elementor-element-ae99619 elementor-widget elementor-widget-heading\" data-id=\"ae99619\" data-element_type=\"widget\" data-widget_type=\"heading.default\">\n\t\t\t\t<div class=\"elementor-widget-container\">\n\t\t\t<style>\/*! elementor - v3.17.0 - 25-10-2023 *\/\n.elementor-heading-title{padding:0;margin:0;line-height:1}.elementor-widget-heading .elementor-heading-title[class*=elementor-size-]>a{color:inherit;font-size:inherit;line-height:inherit}.elementor-widget-heading .elementor-heading-title.elementor-size-small{font-size:15px}.elementor-widget-heading .elementor-heading-title.elementor-size-medium{font-size:19px}.elementor-widget-heading .elementor-heading-title.elementor-size-large{font-size:29px}.elementor-widget-heading .elementor-heading-title.elementor-size-xl{font-size:39px}.elementor-widget-heading .elementor-heading-title.elementor-size-xxl{font-size:59px}<\/style><h2 class=\"elementor-heading-title elementor-size-default\">01<\/h2>\t\t<\/div>\n\t\t\t\t<\/div>\n\t\t\t\t\t<\/div>\n\t\t<\/div>\n\t\t\t\t<div class=\"elementor-column elementor-col-50 elementor-inner-column elementor-element elementor-element-62db570\" data-id=\"62db570\" data-element_type=\"column\">\n\t\t\t<div class=\"elementor-widget-wrap elementor-element-populated\">\n\t\t\t\t\t\t\t\t<div class=\"elementor-element elementor-element-1ebeb98 elementor-widget elementor-widget-heading\" data-id=\"1ebeb98\" data-element_type=\"widget\" data-widget_type=\"heading.default\">\n\t\t\t\t<div class=\"elementor-widget-container\">\n\t\t\t<h4 class=\"elementor-heading-title elementor-size-default\">Tecr\u00fcbe ve \u0130novasyonun Birle\u015fimi<\/h4>\t\t<\/div>\n\t\t\t\t<\/div>\n\t\t\t\t<div class=\"elementor-element elementor-element-80069ba elementor-widget elementor-widget-heading\" data-id=\"80069ba\" data-element_type=\"widget\" data-widget_type=\"heading.default\">\n\t\t\t\t<div class=\"elementor-widget-container\">\n\t\t\t<p class=\"elementor-heading-title elementor-size-default\">BMO Otomotiv, sekt\u00f6re sundu\u011fu y\u00fcksek kaliteli yedek par\u00e7alarda uzun y\u0131llara dayanan tecr\u00fcbesini s\u00fcrekli yenilik\u00e7i bak\u0131\u015f a\u00e7\u0131s\u0131yla birle\u015ftirir. En son teknolojileri ve kalite standartlar\u0131n\u0131 benimseyerek \u00fcretim s\u00fcre\u00e7lerini optimize eder, b\u00f6ylece m\u00fc\u015fterilerine sekt\u00f6rde \u00f6nde gelen performans ve g\u00fcvenilirlik sunmay\u0131 ama\u00e7lar.<\/p>\t\t<\/div>\n\t\t\t\t<\/div>\n\t\t\t\t\t<\/div>\n\t\t<\/div>\n\t\t\t\t\t\t\t<\/div>\n\t\t<\/section>\n\t\t\t\t<section class=\"elementor-section elementor-inner-section elementor-element elementor-element-6bff297 elementor-section-full_width elementor-section-height-default elementor-section-height-default\" data-id=\"6bff297\" data-element_type=\"section\">\n\t\t\t\t\t\t<div class=\"elementor-container elementor-column-gap-default\">\n\t\t\t\t\t<div class=\"elementor-column elementor-col-50 elementor-inner-column elementor-element elementor-element-6d95a60\" data-id=\"6d95a60\" data-element_type=\"column\">\n\t\t\t<div class=\"elementor-widget-wrap elementor-element-populated\">\n\t\t\t\t\t\t\t\t<div class=\"elementor-element elementor-element-7c18d6f elementor-widget elementor-widget-heading\" data-id=\"7c18d6f\" data-element_type=\"widget\" data-widget_type=\"heading.default\">\n\t\t\t\t<div class=\"elementor-widget-container\">\n\t\t\t<h2 class=\"elementor-heading-title elementor-size-default\">02<\/h2>\t\t<\/div>\n\t\t\t\t<\/div>\n\t\t\t\t\t<\/div>\n\t\t<\/div>\n\t\t\t\t<div class=\"elementor-column elementor-col-50 elementor-inner-column elementor-element elementor-element-bf2db35\" data-id=\"bf2db35\" data-element_type=\"column\">\n\t\t\t<div class=\"elementor-widget-wrap elementor-element-populated\">\n\t\t\t\t\t\t\t\t<div class=\"elementor-element elementor-element-8d4d649 elementor-widget elementor-widget-heading\" data-id=\"8d4d649\" data-element_type=\"widget\" data-widget_type=\"heading.default\">\n\t\t\t\t<div class=\"elementor-widget-container\">\n\t\t\t<h4 class=\"elementor-heading-title elementor-size-default\">M\u00fc\u015fteri Memnuniyetine Odakl\u0131 Hizmet<\/h4>\t\t<\/div>\n\t\t\t\t<\/div>\n\t\t\t\t<div class=\"elementor-element elementor-element-b9457d1 elementor-widget elementor-widget-heading\" data-id=\"b9457d1\" data-element_type=\"widget\" data-widget_type=\"heading.default\">\n\t\t\t\t<div class=\"elementor-widget-container\">\n\t\t\t<p class=\"elementor-heading-title elementor-size-default\">Firman\u0131n temel prensibi, her a\u015famada kalite kontrol\u00fc titizlikle uygulayarak m\u00fc\u015fteri memnuniyetini \u00f6n planda tutmakt\u0131r. BMO Otomotiv, m\u00fc\u015fteri beklentilerini a\u015facak \u015fekilde \u00f6zg\u00fcn \u00e7\u00f6z\u00fcmler geli\u015ftirir ve i\u015f birli\u011fi i\u00e7inde oldu\u011fu markalar\u0131n \u00f6zg\u00fcn ihtiya\u00e7lar\u0131na y\u00f6nelik \u00fcr\u00fcnler sunarak sekt\u00f6rde fark yarat\u0131r.<\/p>\t\t<\/div>\n\t\t\t\t<\/div>\n\t\t\t\t\t<\/div>\n\t\t<\/div>\n\t\t\t\t\t\t\t<\/div>\n\t\t<\/section>\n\t\t\t\t<section class=\"elementor-section elementor-inner-section elementor-element elementor-element-2547862 elementor-section-full_width elementor-section-height-default elementor-section-height-default\" data-id=\"2547862\" data-element_type=\"section\">\n\t\t\t\t\t\t<div class=\"elementor-container elementor-column-gap-default\">\n\t\t\t\t\t<div class=\"elementor-column elementor-col-50 elementor-inner-column elementor-element elementor-element-3d716b2\" data-id=\"3d716b2\" data-element_type=\"column\">\n\t\t\t<div class=\"elementor-widget-wrap elementor-element-populated\">\n\t\t\t\t\t\t\t\t<div class=\"elementor-element elementor-element-a09d537 elementor-widget elementor-widget-heading\" data-id=\"a09d537\" data-element_type=\"widget\" data-widget_type=\"heading.default\">\n\t\t\t\t<div class=\"elementor-widget-container\">\n\t\t\t<h2 class=\"elementor-heading-title elementor-size-default\">03<\/h2>\t\t<\/div>\n\t\t\t\t<\/div>\n\t\t\t\t\t<\/div>\n\t\t<\/div>\n\t\t\t\t<div class=\"elementor-column elementor-col-50 elementor-inner-column elementor-element elementor-element-5243619\" data-id=\"5243619\" data-element_type=\"column\">\n\t\t\t<div class=\"elementor-widget-wrap elementor-element-populated\">\n\t\t\t\t\t\t\t\t<div class=\"elementor-element elementor-element-2ade67b elementor-widget elementor-widget-heading\" data-id=\"2ade67b\" data-element_type=\"widget\" data-widget_type=\"heading.default\">\n\t\t\t\t<div class=\"elementor-widget-container\">\n\t\t\t<h4 class=\"elementor-heading-title elementor-size-default\">S\u00fcrd\u00fcr\u00fclebilirlik ve Sorumluluk<\/h4>\t\t<\/div>\n\t\t\t\t<\/div>\n\t\t\t\t<div class=\"elementor-element elementor-element-c04b577 elementor-widget elementor-widget-heading\" data-id=\"c04b577\" data-element_type=\"widget\" data-widget_type=\"heading.default\">\n\t\t\t\t<div class=\"elementor-widget-container\">\n\t\t\t<p class=\"elementor-heading-title elementor-size-default\">BMO Otomotiv, \u00e7evreye duyarl\u0131 \u00fcretim s\u00fcre\u00e7leri ve kaynaklar\u0131 verimli kullanma ilkesiyle s\u00fcrd\u00fcr\u00fclebilirlik anlay\u0131\u015f\u0131n\u0131 benimser. Topluma ve \u00e7evreye kar\u015f\u0131 sorumluluk bilinciyle hareket eder, s\u00fcrd\u00fcr\u00fclebilirlik odakl\u0131 \u00e7\u00f6z\u00fcmler geli\u015ftirir ve sekt\u00f6rde \u00f6rnek bir \u00e7evresel performans sergiler.<\/p>\t\t<\/div>\n\t\t\t\t<\/div>\n\t\t\t\t\t<\/div>\n\t\t<\/div>\n\t\t\t\t\t\t\t<\/div>\n\t\t<\/section>\n\t\t\t\t<section class=\"elementor-section elementor-inner-section elementor-element elementor-element-7497601 elementor-section-full_width elementor-section-height-default elementor-section-height-default\" data-id=\"7497601\" data-element_type=\"section\">\n\t\t\t\t\t\t<div class=\"elementor-container elementor-column-gap-default\">\n\t\t\t\t\t<div class=\"elementor-column elementor-col-50 elementor-inner-column elementor-element elementor-element-baefdae\" data-id=\"baefdae\" data-element_type=\"column\">\n\t\t\t<div class=\"elementor-widget-wrap elementor-element-populated\">\n\t\t\t\t\t\t\t\t<div class=\"elementor-element elementor-element-84e9489 elementor-widget elementor-widget-heading\" data-id=\"84e9489\" data-element_type=\"widget\" data-widget_type=\"heading.default\">\n\t\t\t\t<div class=\"elementor-widget-container\">\n\t\t\t<h2 class=\"elementor-heading-title elementor-size-default\">04<\/h2>\t\t<\/div>\n\t\t\t\t<\/div>\n\t\t\t\t\t<\/div>\n\t\t<\/div>\n\t\t\t\t<div class=\"elementor-column elementor-col-50 elementor-inner-column elementor-element elementor-element-d573bbd\" data-id=\"d573bbd\" data-element_type=\"column\">\n\t\t\t<div class=\"elementor-widget-wrap elementor-element-populated\">\n\t\t\t\t\t\t\t\t<div class=\"elementor-element elementor-element-b5d9a1c elementor-widget elementor-widget-heading\" data-id=\"b5d9a1c\" data-element_type=\"widget\" data-widget_type=\"heading.default\">\n\t\t\t\t<div class=\"elementor-widget-container\">\n\t\t\t<h4 class=\"elementor-heading-title elementor-size-default\">Gelece\u011fe Yat\u0131r\u0131m ve S\u00fcrekli Geli\u015fim<\/h4>\t\t<\/div>\n\t\t\t\t<\/div>\n\t\t\t\t<div class=\"elementor-element elementor-element-f5e20b2 elementor-widget elementor-widget-heading\" data-id=\"f5e20b2\" data-element_type=\"widget\" data-widget_type=\"heading.default\">\n\t\t\t\t<div class=\"elementor-widget-container\">\n\t\t\t<p class=\"elementor-heading-title elementor-size-default\">BMO Otomotiv, gelecekteki otomotiv end\u00fcstrisinin dinamikleriyle ba\u015fa \u00e7\u0131kabilmek ve \u00f6nc\u00fc rol\u00fcn\u00fc s\u00fcrd\u00fcrebilmek ad\u0131na Ar-Ge'ye ve \u00e7al\u0131\u015fanlar\u0131n s\u00fcrekli e\u011fitimine b\u00fcy\u00fck \u00f6nem verir. Bu sayede, sekt\u00f6rdeki geli\u015fmeleri takip ederek m\u00fc\u015fterilere en iyi \u00e7\u00f6z\u00fcmleri sunmay\u0131 ve liderli\u011fini s\u00fcrd\u00fcrmeyi hedefler.<\/p>\t\t<\/div>\n\t\t\t\t<\/div>\n\t\t\t\t\t<\/div>\n\t\t<\/div>\n\t\t\t\t\t\t\t<\/div>\n\t\t<\/section>\n\t\t\t\t\t<\/div>\n\t\t<\/div>\n\t\t\t\t\t\t\t<\/div>\n\t\t<\/section>\n\t\t\t\t\t\t\t<\/div>\n\t\t","protected":false},"excerpt":{"rendered":"<p>Kalite Bmo Kalite Politikam\u0131z 01 Tecr\u00fcbe ve \u0130novasyonun Birle\u015fimi BMO Otomotiv, sekt\u00f6re sundu\u011fu y\u00fcksek kaliteli yedek par\u00e7alarda uzun y\u0131llara dayanan tecr\u00fcbesini s\u00fcrekli yenilik\u00e7i bak\u0131\u015f a\u00e7\u0131s\u0131yla birle\u015ftirir. En son teknolojileri ve kalite standartlar\u0131n\u0131 benimseyerek \u00fcretim s\u00fcre\u00e7lerini optimize eder, b\u00f6ylece m\u00fc\u015fterilerine sekt\u00f6rde \u00f6nde gelen performans ve g\u00fcvenilirlik sunmay\u0131 ama\u00e7lar. 02 M\u00fc\u015fteri Memnuniyetine Odakl\u0131 Hizmet Firman\u0131n temel prensibi, [&hellip;]<\/p>\n","protected":false},"author":1,"featured_media":0,"parent":0,"menu_order":0,"comment_status":"closed","ping_status":"closed","template":"elementor_header_footer","meta":{"footnotes":""},"class_list":["post-942","page","type-page","status-publish","hentry"],"acf":[],"aioseo_notices":[],"_links":{"self":[{"href":"https:\/\/bmoplastik.com\/index.php\/wp-json\/wp\/v2\/pages\/942","targetHints":{"allow":["GET"]}}],"collection":[{"href":"https:\/\/bmoplastik.com\/index.php\/wp-json\/wp\/v2\/pages"}],"about":[{"href":"https:\/\/bmoplastik.com\/index.php\/wp-json\/wp\/v2\/types\/page"}],"author":[{"embeddable":true,"href":"https:\/\/bmoplastik.com\/index.php\/wp-json\/wp\/v2\/users\/1"}],"replies":[{"embeddable":true,"href":"https:\/\/bmoplastik.com\/index.php\/wp-json\/wp\/v2\/comments?post=942"}],"version-history":[{"count":14,"href":"https:\/\/bmoplastik.com\/index.php\/wp-json\/wp\/v2\/pages\/942\/revisions"}],"predecessor-version":[{"id":2317,"href":"https:\/\/bmoplastik.com\/index.php\/wp-json\/wp\/v2\/pages\/942\/revisions\/2317"}],"wp:attachment":[{"href":"https:\/\/bmoplastik.com\/index.php\/wp-json\/wp\/v2\/media?parent=942"}],"curies":[{"name":"wp","href":"https:\/\/api.w.org\/{rel}","templated":true}]}}